{"id":121,"date":"2025-07-25T10:45:16","date_gmt":"2025-07-25T11:45:16","guid":{"rendered":"https:\/\/pinerent4u.com\/pinerent4u\/"},"modified":"2026-04-15T15:37:41","modified_gmt":"2026-04-15T16:37:41","slug":"pinerent4u","status":"publish","type":"page","link":"https:\/\/pinerent4u.com\/en\/pinerent4u\/","title":{"rendered":"PineRent4u"},"content":{"rendered":"<p>[et_pb_section fb_built=&#8221;1&#8243; _builder_version=&#8221;4.27.4&#8243; _module_preset=&#8221;default&#8221; custom_padding=&#8221;0px||0px|||&#8221; border_width_bottom=&#8221;8px&#8221; border_color_bottom=&#8221;#F79109&#8243; global_module=&#8221;376&#8243; saved_tabs=&#8221;all&#8221; global_colors_info=&#8221;{}&#8221;][et_pb_row _builder_version=&#8221;4.27.4&#8243; _module_preset=&#8221;default&#8221; width=&#8221;100%&#8221; max_width=&#8221;100%&#8221; custom_padding=&#8221;0px||0px|||&#8221; global_colors_info=&#8221;{}&#8221;][et_pb_column type=&#8221;4_4&#8243; _builder_version=&#8221;4.27.4&#8243; _module_preset=&#8221;default&#8221; global_colors_info=&#8221;{}&#8221;][et_pb_slider _builder_version=&#8221;4.27.6&#8243; _module_preset=&#8221;default&#8221; custom_padding=&#8221;268px||268px||true|false&#8221; auto=&#8221;on&#8221; auto_speed=&#8221;4000&#8243; hover_enabled=&#8221;0&#8243; global_colors_info=&#8221;{}&#8221; sticky_enabled=&#8221;0&#8243;][et_pb_slide _builder_version=&#8221;4.27.6&#8243; _module_preset=&#8221;default&#8221; background_enable_color=&#8221;off&#8221; background_image=&#8221;https:\/\/pinerent4u.com\/wp-content\/uploads\/2026\/04\/12.jpg&#8221; background_enable_image=&#8221;on&#8221; hover_enabled=&#8221;0&#8243; global_colors_info=&#8221;{}&#8221; sticky_transition=&#8221;on&#8221; title_text=&#8221;Ilheu Vila Franca do Campo&#8221; sticky_enabled=&#8221;0&#8243;][\/et_pb_slide][et_pb_slide _builder_version=&#8221;4.27.6&#8243; _module_preset=&#8221;default&#8221; background_enable_color=&#8221;off&#8221; background_image=&#8221;https:\/\/pinerent4u.com\/wp-content\/uploads\/2026\/04\/117.jpg&#8221; background_enable_image=&#8221;on&#8221; hover_enabled=&#8221;0&#8243; global_colors_info=&#8221;{}&#8221; sticky_transition=&#8221;on&#8221; sticky_enabled=&#8221;0&#8243;][\/et_pb_slide][et_pb_slide _builder_version=&#8221;4.27.6&#8243; _module_preset=&#8221;default&#8221; background_enable_color=&#8221;off&#8221; background_image=&#8221;https:\/\/pinerent4u.com\/wp-content\/uploads\/2026\/04\/horses-grazing-field-scaled.jpg&#8221; background_enable_image=&#8221;on&#8221; hover_enabled=&#8221;0&#8243; global_colors_info=&#8221;{}&#8221; sticky_transition=&#8221;on&#8221; sticky_enabled=&#8221;0&#8243;][\/et_pb_slide][et_pb_slide _builder_version=&#8221;4.27.6&#8243; _module_preset=&#8221;default&#8221; background_enable_color=&#8221;off&#8221; background_image=&#8221;https:\/\/pinerent4u.com\/wp-content\/uploads\/2025\/07\/banner-1.jpg&#8221; background_enable_image=&#8221;on&#8221; hover_enabled=&#8221;0&#8243; global_colors_info=&#8221;{}&#8221; sticky_transition=&#8221;on&#8221; sticky_enabled=&#8221;0&#8243;][\/et_pb_slide][\/et_pb_slider][\/et_pb_column][\/et_pb_row][\/et_pb_section][et_pb_section fb_built=&#8221;1&#8243; _builder_version=&#8221;4.27.4&#8243; _module_preset=&#8221;default&#8221; global_colors_info=&#8221;{}&#8221;][et_pb_row _builder_version=&#8221;4.27.4&#8243; _module_preset=&#8221;default&#8221; width=&#8221;90%&#8221; global_colors_info=&#8221;{}&#8221;][et_pb_column type=&#8221;4_4&#8243; _builder_version=&#8221;4.27.4&#8243; _module_preset=&#8221;default&#8221; global_colors_info=&#8221;{}&#8221;][et_pb_text _builder_version=&#8221;4.27.4&#8243; _module_preset=&#8221;default&#8221; header_2_font=&#8221;|700||on|||||&#8221; header_2_text_align=&#8221;center&#8221; header_2_text_color=&#8221;#F79109&#8243; global_colors_info=&#8221;{}&#8221;]<\/p>\n<h2>Who we are<\/h2>\n<p>[\/et_pb_text][et_pb_text ul_position=&#8221;inside&#8221; _builder_version=&#8221;4.27.4&#8243; _module_preset=&#8221;default&#8221; header_4_font=&#8221;&#8211;et_global_heading_font|700|||||||&#8221; header_4_line_height=&#8221;1.3em&#8221; header_5_font=&#8221;&#8211;et_global_heading_font|700|||||||&#8221; header_5_line_height=&#8221;1.3em&#8221; global_colors_info=&#8221;{}&#8221;]<\/p>\n<p>A PINE RENT4U is a car rental company in S\u00e3o Miguel, founded in May 2025 with a simple goal: to provide a practical, comfortable, and hassle-free car rental experience in the Azores from the moment you arrive.<\/p>\n<p>We specialize in car rental services in S\u00e3o Miguel, offering a reliable, efficient, and detail-oriented service. Our fleet consists of modern vehicles that ensure high levels of comfort, safety, and quality\u2014ideal for exploring the island at your own pace. <\/p>\n<p>We offer a simple and intuitive booking system, with automatic and manual car options in S\u00e3o Miguel, adapted to the needs of each client. We operate just 3.5 km from Jo\u00e3o Paulo II Airport in Ponta Delgada, with a personalized pick-up and drop-off service, a practical solution for those looking to rent a car at Ponta Delgada Airport. <\/p>\n<p>PINE RENT4U is part of the Norma-A\u00e7ores Group, a reference entity in the archipelago, recognized for its rigor, ethics and integrity, and with a focus on the quality of the service provided.<\/p>\n<p>  Founded in 1984, Norma-A\u00e7ores is present on all nine islands and plays an important role in regional development, participating in structuring projects such as hospitals, airports, ports and road networks. With over 40 years&#8217; experience in engineering, supervision and management consultancy, the group ensures a solid base of knowledge and credibility. It is ISO 9001, 14001 and 45001 certified and is also the only entity in the Azores accredited by the ERC for market research and opinion polls, as well as training and managing human resources.    <\/p>\n<p>It holds a majority stake in Controlauto A\u00e7ores, which is responsible for technical car inspections on several islands.<\/p>\n<p>Get to know our companies:<\/p>\n<p><a aria-label=\"Liga\u00e7\u00e3o https:\/\/www.norma-acores.pt\/\" id=\"menuri7n\" href=\"https:\/\/www.norma-acores.pt\/\" rel=\"noreferrer noopener\" target=\"_blank\" class=\"fui-Link ___1q1shib f2hkw1w f3rmtva f1ewtqcl fyind8e f1k6fduh f1w7gpdv fk6fouc fjoy568 figsok6 f1s184ao f1mk8lai fnbmjn9 f1o700av f13mvf36 f1cmlufx f9n3di6 f1ids18y f1tx3yz7 f1deo86v f1eh06m1 f1iescvh fhgqx19 f1olyrje f1p93eir f1nev41a f1h8hb77 f1lqvz6u f10aw75t fsle3fq f17ae5zn\" title=\"https:\/\/www.norma-acores.pt\/\">https:\/\/www.norma-acores.pt<\/a><\/p>\n<p><a aria-label=\"Liga\u00e7\u00e3o https:\/\/controlautoazores.com\/\" id=\"menuri7p\" href=\"https:\/\/controlautoazores.com\/\" rel=\"noreferrer noopener\" target=\"_blank\" class=\"fui-Link ___1q1shib f2hkw1w f3rmtva f1ewtqcl fyind8e f1k6fduh f1w7gpdv fk6fouc fjoy568 figsok6 f1s184ao f1mk8lai fnbmjn9 f1o700av f13mvf36 f1cmlufx f9n3di6 f1ids18y f1tx3yz7 f1deo86v f1eh06m1 f1iescvh fhgqx19 f1olyrje f1p93eir f1nev41a f1h8hb77 f1lqvz6u f10aw75t fsle3fq f17ae5zn\" title=\"https:\/\/controlautoazores.com\/\">https:\/\/controlautoazores.com<\/a><\/p>\n<p>By choosing PINE RENT4U, rent a car in S\u00e3o Miguel, you are opting for a mobility service with a guarantee of quality, supported by a solid and experienced group that ensures confidence and professionalism at every stage of your trip in the Azores.<\/p>\n<p>[\/et_pb_text][\/et_pb_column][\/et_pb_row][\/et_pb_section][et_pb_section fb_built=&#8221;1&#8243; _builder_version=&#8221;4.27.4&#8243; _module_preset=&#8221;default&#8221; background_color=&#8221;#F79109&#8243; custom_padding=&#8221;20px||20px|||&#8221; global_module=&#8221;66&#8243; saved_tabs=&#8221;all&#8221; global_colors_info=&#8221;{}&#8221;][et_pb_row column_structure=&#8221;1_2,1_4,1_4&#8243; make_equal=&#8221;on&#8221; _builder_version=&#8221;4.27.4&#8243; _module_preset=&#8221;default&#8221; width=&#8221;90%&#8221; global_colors_info=&#8221;{}&#8221;][et_pb_column type=&#8221;1_2&#8243; _builder_version=&#8221;4.27.4&#8243; _module_preset=&#8221;default&#8221; custom_css_main_element=&#8221;display:flex;||flex-direction:column;||justify-content:center;&#8221; global_colors_info=&#8221;{}&#8221;][et_pb_text _builder_version=&#8221;4.27.4&#8243; _module_preset=&#8221;default&#8221; header_2_font=&#8221;|700||on|||||&#8221; header_2_text_color=&#8221;#FFFFFF&#8221; global_colors_info=&#8221;{}&#8221;]<\/p>\n<h2>Have Questions? Talk with us&#8230;<\/h2>\n<p>[\/et_pb_text][\/et_pb_column][et_pb_column type=&#8221;1_4&#8243; _builder_version=&#8221;4.27.4&#8243; _module_preset=&#8221;default&#8221; custom_css_main_element=&#8221;display:flex;||flex-direction:column;||justify-content:center;&#8221; global_colors_info=&#8221;{}&#8221;][et_pb_blurb title=&#8221;+351 296 682 215&#8243; use_icon=&#8221;on&#8221; font_icon=&#8221;&#xe090;||divi||400&#8243; icon_color=&#8221;#FFFFFF&#8221; image_icon_background_color=&#8221;RGBA(255,255,255,0)&#8221; icon_placement=&#8221;left&#8221; _builder_version=&#8221;4.27.4&#8243; _module_preset=&#8221;default&#8221; header_level=&#8221;h2&#8243; header_font=&#8221;|700|||||||&#8221; header_text_color=&#8221;#FFFFFF&#8221; link_option_url=&#8221;tel:00351296209650&#8243; global_colors_info=&#8221;{}&#8221;][\/et_pb_blurb][\/et_pb_column][et_pb_column type=&#8221;1_4&#8243; _builder_version=&#8221;4.27.4&#8243; _module_preset=&#8221;default&#8221; custom_css_main_element=&#8221;display:flex;||flex-direction:column;||justify-content:center;&#8221; global_colors_info=&#8221;{}&#8221;][et_pb_button button_url=&#8221;@ET-DC@eyJkeW5hbWljIjp0cnVlLCJjb250ZW50IjoicG9zdF9saW5rX3VybF9wYWdlIiwic2V0dGluZ3MiOnsicG9zdF9pZCI6IjE5In19@&#8221; button_text=&#8221;Contact us&#8221; button_alignment=&#8221;center&#8221; _builder_version=&#8221;4.27.4&#8243; _dynamic_attributes=&#8221;button_url&#8221; _module_preset=&#8221;default&#8221; custom_button=&#8221;on&#8221; button_text_color=&#8221;#FFFFFF&#8221; button_font=&#8221;|700||on|||||&#8221; global_colors_info=&#8221;{}&#8221; button_bg_color__hover_enabled=&#8221;on|hover&#8221; button_bg_color__hover=&#8221;#FCAE4C&#8221; button_bg_enable_color__hover=&#8221;on&#8221; button_border_color__hover_enabled=&#8221;on|desktop&#8221; button_border_color__hover=&#8221;#FFFFFF&#8221;][\/et_pb_button][\/et_pb_column][\/et_pb_row][\/et_pb_section]<\/p>\n","protected":false},"excerpt":{"rendered":"<p>Who we areA PINE RENT4U is a car rental company in S\u00e3o Miguel, founded in May 2025 with a simple goal: to provide a practical, comfortable, and hassle-free car rental experience in the Azores from the moment you arrive. We specialize in car rental services in S\u00e3o Miguel, offering a reliable, efficient, and detail-oriented service. [&hellip;]<\/p>\n","protected":false},"author":1,"featured_media":260,"parent":0,"menu_order":1,"comment_status":"closed","ping_status":"closed","template":"","meta":{"_et_pb_use_builder":"on","_et_pb_old_content":"","_et_gb_content_width":"","footnotes":""},"class_list":["post-121","page","type-page","status-publish","has-post-thumbnail","hentry"],"yoast_head":"<!-- This site is optimized with the Yoast SEO plugin v27.4 - https:\/\/yoast.com\/product\/yoast-seo-wordpress\/ -->\n<title>PineRent4U \u2013 Rent-a-Car nos A\u00e7ores<\/title>\n<meta name=\"description\" content=\"Car rental in the Azores with delivery to the airport or selected location. Modern fleet and competitive rates. Book now!\" \/>\n<meta name=\"robots\" content=\"index, follow, max-snippet:-1, max-image-preview:large, max-video-preview:-1\" \/>\n<link rel=\"canonical\" href=\"https:\/\/pinerent4u.com\/en\/pinerent4u\/\" \/>\n<meta property=\"og:locale\" content=\"en_US\" \/>\n<meta property=\"og:type\" content=\"article\" \/>\n<meta property=\"og:title\" content=\"PineRent4U \u2013 Rent-a-Car nos A\u00e7ores\" \/>\n<meta property=\"og:description\" content=\"Car rental in the Azores with delivery to the airport or selected location. Modern fleet and competitive rates. Book now!\" \/>\n<meta property=\"og:url\" content=\"https:\/\/pinerent4u.com\/en\/pinerent4u\/\" \/>\n<meta property=\"og:site_name\" content=\"PineRent4U \u2013 Rent-a-Car nos A\u00e7ores\" \/>\n<meta property=\"article:publisher\" content=\"https:\/\/www.facebook.com\/PineRent4U\" \/>\n<meta property=\"article:modified_time\" content=\"2026-04-15T16:37:41+00:00\" \/>\n<meta property=\"og:image\" content=\"https:\/\/pinerent4u.com\/wp-content\/uploads\/2025\/10\/Imagem-WhatsApp-2025-10-17-as-11.11.54_93ceb0d0.jpg\" \/>\n\t<meta property=\"og:image:width\" content=\"1500\" \/>\n\t<meta property=\"og:image:height\" content=\"2000\" \/>\n\t<meta property=\"og:image:type\" content=\"image\/jpeg\" \/>\n<meta name=\"twitter:card\" content=\"summary_large_image\" \/>\n<meta name=\"twitter:label1\" content=\"Est. reading time\" \/>\n\t<meta name=\"twitter:data1\" content=\"5 minutes\" \/>\n<script type=\"application\/ld+json\" class=\"yoast-schema-graph\">{\"@context\":\"https:\\\/\\\/schema.org\",\"@graph\":[{\"@type\":\"WebPage\",\"@id\":\"https:\\\/\\\/pinerent4u.com\\\/en\\\/pinerent4u\\\/\",\"url\":\"https:\\\/\\\/pinerent4u.com\\\/en\\\/pinerent4u\\\/\",\"name\":\"PineRent4U \u2013 Rent-a-Car nos A\u00e7ores\",\"isPartOf\":{\"@id\":\"https:\\\/\\\/pinerent4u.com\\\/en\\\/#website\"},\"primaryImageOfPage\":{\"@id\":\"https:\\\/\\\/pinerent4u.com\\\/en\\\/pinerent4u\\\/#primaryimage\"},\"image\":{\"@id\":\"https:\\\/\\\/pinerent4u.com\\\/en\\\/pinerent4u\\\/#primaryimage\"},\"thumbnailUrl\":\"https:\\\/\\\/pinerent4u.com\\\/wp-content\\\/uploads\\\/2025\\\/10\\\/Imagem-WhatsApp-2025-10-17-as-11.11.54_93ceb0d0.jpg\",\"datePublished\":\"2025-07-25T11:45:16+00:00\",\"dateModified\":\"2026-04-15T16:37:41+00:00\",\"description\":\"Car rental in the Azores with delivery to the airport or selected location. Modern fleet and competitive rates. Book now!\",\"breadcrumb\":{\"@id\":\"https:\\\/\\\/pinerent4u.com\\\/en\\\/pinerent4u\\\/#breadcrumb\"},\"inLanguage\":\"en-US\",\"potentialAction\":[{\"@type\":\"ReadAction\",\"target\":[\"https:\\\/\\\/pinerent4u.com\\\/en\\\/pinerent4u\\\/\"]}]},{\"@type\":\"ImageObject\",\"inLanguage\":\"en-US\",\"@id\":\"https:\\\/\\\/pinerent4u.com\\\/en\\\/pinerent4u\\\/#primaryimage\",\"url\":\"https:\\\/\\\/pinerent4u.com\\\/wp-content\\\/uploads\\\/2025\\\/10\\\/Imagem-WhatsApp-2025-10-17-as-11.11.54_93ceb0d0.jpg\",\"contentUrl\":\"https:\\\/\\\/pinerent4u.com\\\/wp-content\\\/uploads\\\/2025\\\/10\\\/Imagem-WhatsApp-2025-10-17-as-11.11.54_93ceb0d0.jpg\",\"width\":1500,\"height\":2000},{\"@type\":\"BreadcrumbList\",\"@id\":\"https:\\\/\\\/pinerent4u.com\\\/en\\\/pinerent4u\\\/#breadcrumb\",\"itemListElement\":[{\"@type\":\"ListItem\",\"position\":1,\"name\":\"In\u00edcio\",\"item\":\"https:\\\/\\\/pinerent4u.com\\\/en\\\/home\\\/\"},{\"@type\":\"ListItem\",\"position\":2,\"name\":\"PineRent4U\"}]},{\"@type\":\"WebSite\",\"@id\":\"https:\\\/\\\/pinerent4u.com\\\/en\\\/#website\",\"url\":\"https:\\\/\\\/pinerent4u.com\\\/en\\\/\",\"name\":\"PineRent4u | Rent a car in S\u00e3o Miguel - A\u00e7ores\",\"description\":\"PineRent4U is a rent-a-car company located in the S\u00e3o Miguel, Azores that combines mobility, comfort and local identity. With a modern fleet and a practical service, we help you discover the Azores at your own pace.\",\"publisher\":{\"@id\":\"https:\\\/\\\/pinerent4u.com\\\/en\\\/#organization\"},\"potentialAction\":[{\"@type\":\"SearchAction\",\"target\":{\"@type\":\"EntryPoint\",\"urlTemplate\":\"https:\\\/\\\/pinerent4u.com\\\/en\\\/?s={search_term_string}\"},\"query-input\":{\"@type\":\"PropertyValueSpecification\",\"valueRequired\":true,\"valueName\":\"search_term_string\"}}],\"inLanguage\":\"en-US\"},{\"@type\":\"Organization\",\"@id\":\"https:\\\/\\\/pinerent4u.com\\\/en\\\/#organization\",\"name\":\"PineRent4U\",\"url\":\"https:\\\/\\\/pinerent4u.com\\\/en\\\/\",\"logo\":{\"@type\":\"ImageObject\",\"inLanguage\":\"en-US\",\"@id\":\"https:\\\/\\\/pinerent4u.com\\\/en\\\/#\\\/schema\\\/logo\\\/image\\\/\",\"url\":\"https:\\\/\\\/pinerent4u.com\\\/wp-content\\\/uploads\\\/2025\\\/07\\\/Logo_horizontal_transparente.png\",\"contentUrl\":\"https:\\\/\\\/pinerent4u.com\\\/wp-content\\\/uploads\\\/2025\\\/07\\\/Logo_horizontal_transparente.png\",\"width\":1000,\"height\":468,\"caption\":\"PineRent4U\"},\"image\":{\"@id\":\"https:\\\/\\\/pinerent4u.com\\\/en\\\/#\\\/schema\\\/logo\\\/image\\\/\"},\"sameAs\":[\"https:\\\/\\\/www.facebook.com\\\/PineRent4U\",\"https:\\\/\\\/www.instagram.com\\\/pinerent4u\",\"https:\\\/\\\/www.tiktok.com\\\/@pinerent4u\"]}]}<\/script>\n<!-- \/ Yoast SEO plugin. -->","yoast_head_json":{"title":"PineRent4U \u2013 Rent-a-Car nos A\u00e7ores","description":"Car rental in the Azores with delivery to the airport or selected location. Modern fleet and competitive rates. Book now!","robots":{"index":"index","follow":"follow","max-snippet":"max-snippet:-1","max-image-preview":"max-image-preview:large","max-video-preview":"max-video-preview:-1"},"canonical":"https:\/\/pinerent4u.com\/en\/pinerent4u\/","og_locale":"en_US","og_type":"article","og_title":"PineRent4U \u2013 Rent-a-Car nos A\u00e7ores","og_description":"Car rental in the Azores with delivery to the airport or selected location. Modern fleet and competitive rates. Book now!","og_url":"https:\/\/pinerent4u.com\/en\/pinerent4u\/","og_site_name":"PineRent4U \u2013 Rent-a-Car nos A\u00e7ores","article_publisher":"https:\/\/www.facebook.com\/PineRent4U","article_modified_time":"2026-04-15T16:37:41+00:00","og_image":[{"width":1500,"height":2000,"url":"https:\/\/pinerent4u.com\/wp-content\/uploads\/2025\/10\/Imagem-WhatsApp-2025-10-17-as-11.11.54_93ceb0d0.jpg","type":"image\/jpeg"}],"twitter_card":"summary_large_image","twitter_misc":{"Est. reading time":"5 minutes"},"schema":{"@context":"https:\/\/schema.org","@graph":[{"@type":"WebPage","@id":"https:\/\/pinerent4u.com\/en\/pinerent4u\/","url":"https:\/\/pinerent4u.com\/en\/pinerent4u\/","name":"PineRent4U \u2013 Rent-a-Car nos A\u00e7ores","isPartOf":{"@id":"https:\/\/pinerent4u.com\/en\/#website"},"primaryImageOfPage":{"@id":"https:\/\/pinerent4u.com\/en\/pinerent4u\/#primaryimage"},"image":{"@id":"https:\/\/pinerent4u.com\/en\/pinerent4u\/#primaryimage"},"thumbnailUrl":"https:\/\/pinerent4u.com\/wp-content\/uploads\/2025\/10\/Imagem-WhatsApp-2025-10-17-as-11.11.54_93ceb0d0.jpg","datePublished":"2025-07-25T11:45:16+00:00","dateModified":"2026-04-15T16:37:41+00:00","description":"Car rental in the Azores with delivery to the airport or selected location. Modern fleet and competitive rates. Book now!","breadcrumb":{"@id":"https:\/\/pinerent4u.com\/en\/pinerent4u\/#breadcrumb"},"inLanguage":"en-US","potentialAction":[{"@type":"ReadAction","target":["https:\/\/pinerent4u.com\/en\/pinerent4u\/"]}]},{"@type":"ImageObject","inLanguage":"en-US","@id":"https:\/\/pinerent4u.com\/en\/pinerent4u\/#primaryimage","url":"https:\/\/pinerent4u.com\/wp-content\/uploads\/2025\/10\/Imagem-WhatsApp-2025-10-17-as-11.11.54_93ceb0d0.jpg","contentUrl":"https:\/\/pinerent4u.com\/wp-content\/uploads\/2025\/10\/Imagem-WhatsApp-2025-10-17-as-11.11.54_93ceb0d0.jpg","width":1500,"height":2000},{"@type":"BreadcrumbList","@id":"https:\/\/pinerent4u.com\/en\/pinerent4u\/#breadcrumb","itemListElement":[{"@type":"ListItem","position":1,"name":"In\u00edcio","item":"https:\/\/pinerent4u.com\/en\/home\/"},{"@type":"ListItem","position":2,"name":"PineRent4U"}]},{"@type":"WebSite","@id":"https:\/\/pinerent4u.com\/en\/#website","url":"https:\/\/pinerent4u.com\/en\/","name":"PineRent4u | Rent a car in S\u00e3o Miguel - A\u00e7ores","description":"PineRent4U is a rent-a-car company located in the S\u00e3o Miguel, Azores that combines mobility, comfort and local identity. With a modern fleet and a practical service, we help you discover the Azores at your own pace.","publisher":{"@id":"https:\/\/pinerent4u.com\/en\/#organization"},"potentialAction":[{"@type":"SearchAction","target":{"@type":"EntryPoint","urlTemplate":"https:\/\/pinerent4u.com\/en\/?s={search_term_string}"},"query-input":{"@type":"PropertyValueSpecification","valueRequired":true,"valueName":"search_term_string"}}],"inLanguage":"en-US"},{"@type":"Organization","@id":"https:\/\/pinerent4u.com\/en\/#organization","name":"PineRent4U","url":"https:\/\/pinerent4u.com\/en\/","logo":{"@type":"ImageObject","inLanguage":"en-US","@id":"https:\/\/pinerent4u.com\/en\/#\/schema\/logo\/image\/","url":"https:\/\/pinerent4u.com\/wp-content\/uploads\/2025\/07\/Logo_horizontal_transparente.png","contentUrl":"https:\/\/pinerent4u.com\/wp-content\/uploads\/2025\/07\/Logo_horizontal_transparente.png","width":1000,"height":468,"caption":"PineRent4U"},"image":{"@id":"https:\/\/pinerent4u.com\/en\/#\/schema\/logo\/image\/"},"sameAs":["https:\/\/www.facebook.com\/PineRent4U","https:\/\/www.instagram.com\/pinerent4u","https:\/\/www.tiktok.com\/@pinerent4u"]}]}},"_links":{"self":[{"href":"https:\/\/pinerent4u.com\/en\/wp-json\/wp\/v2\/pages\/121","targetHints":{"allow":["GET"]}}],"collection":[{"href":"https:\/\/pinerent4u.com\/en\/wp-json\/wp\/v2\/pages"}],"about":[{"href":"https:\/\/pinerent4u.com\/en\/wp-json\/wp\/v2\/types\/page"}],"author":[{"embeddable":true,"href":"https:\/\/pinerent4u.com\/en\/wp-json\/wp\/v2\/users\/1"}],"replies":[{"embeddable":true,"href":"https:\/\/pinerent4u.com\/en\/wp-json\/wp\/v2\/comments?post=121"}],"version-history":[{"count":12,"href":"https:\/\/pinerent4u.com\/en\/wp-json\/wp\/v2\/pages\/121\/revisions"}],"predecessor-version":[{"id":502,"href":"https:\/\/pinerent4u.com\/en\/wp-json\/wp\/v2\/pages\/121\/revisions\/502"}],"wp:featuredmedia":[{"embeddable":true,"href":"https:\/\/pinerent4u.com\/en\/wp-json\/wp\/v2\/media\/260"}],"wp:attachment":[{"href":"https:\/\/pinerent4u.com\/en\/wp-json\/wp\/v2\/media?parent=121"}],"curies":[{"name":"wp","href":"https:\/\/api.w.org\/{rel}","templated":true}]}}